{"id":346,"date":"2024-01-17T18:32:42","date_gmt":"2024-01-17T17:32:42","guid":{"rendered":"https:\/\/groupe-bader.2ds.ch\/?page_id=346"},"modified":"2024-02-15T13:45:10","modified_gmt":"2024-02-15T12:45:10","slug":"politique-de-confidentialite","status":"publish","type":"page","link":"https:\/\/groupe-bader.ch\/en\/politique-de-confidentialite\/","title":{"rendered":"Privacy Policy"},"content":{"rendered":"<div data-elementor-type=\"wp-page\" data-elementor-id=\"346\" class=\"elementor elementor-346\" data-elementor-post-type=\"page\">\n\t\t\t\t<div class=\"elementor-element elementor-element-27f21909 e-flex e-con-boxed e-con e-parent\" data-id=\"27f21909\" data-element_type=\"container\" data-e-type=\"container\">\n\t\t\t\t\t<div class=\"e-con-inner\">\n\t\t\t\t<div class=\"elementor-element elementor-element-68157adb elementor-widget elementor-widget-text-editor\" data-id=\"68157adb\" data-element_type=\"widget\" data-e-type=\"widget\" data-widget_type=\"text-editor.default\">\n\t\t\t\t<div class=\"elementor-widget-container\">\n\t\t\t\t\t\t\t\t\t\n<p><strong>Privacy Policy\u00a0<\/strong><\/p>\n\n<p><strong>Introduction<\/strong><\/p>\n\n<p>Welcome to our website <a href=\"https:\/\/groupe-bader.ch\/en\/\">https:\/\/groupe-bader.ch<\/a>. In order to respect and protect the privacy of our users, we have drawn up this privacy policy in compliance with the Swiss Federal Data Protection Act (nLPD). This policy explains our commitment to handling your personal data responsibly and transparently.<\/p>\n\n<p><strong>Data Collection<\/strong><\/p>\n\n<ul class=\"wp-block-list\">\n<li>Comments: When you leave a comment, we collect form data, your IP address and your browser's user agent to detect unwanted comments. With Gravatar, an anonymized string (hash) of your email is used to see if you use this service. Your Gravatar profile photo is displayed next to your comment after validation.<\/li>\n\n<li>Media: If you upload images, avoid those with EXIF data of GPS coordinates. Visitors may be able to extract location data from these images.<\/li>\n\n<li>Cookies: If you leave a comment, you can save your name, email and website in cookies for your convenience. Login cookies last for two days and screen option cookies last for one year. If you select \"Remember me\", your login cookie will last two weeks. When publishing, a temporary cookie is created, with no personal data.<\/li>\n\n<li>Embedded content: Articles may include embedded content from other sites, behaving as if you were visiting those sites directly. These sites may collect data about you, use cookies and embed tracking tools.<\/li>\n<\/ul>\n\n<p><strong>Use and transmission of your Personal Data<\/strong><\/p>\n\n<ul class=\"wp-block-list\">\n<li>Your IP address is included in the password reset e-mail.<\/li>\n\n<li>Storage times: Comments and their metadata are stored indefinitely to automatically recognize and approve subsequent comments. User account data is retained as long as the account is active. You can view, modify or delete your information at any time (except your username).<\/li>\n<\/ul>\n\n<p><strong>Your Data Rights<\/strong><\/p>\n\n<p>You may request an exported file of your personal data held by us, including the data you have provided. You may also request the deletion of your personal data, with the exception of data retained for legal, security or administrative obligations.<\/p>\n\n<p><strong>Data transmission<\/strong><\/p>\n\n<p>Comments can be checked via an automated service for detecting undesirable comments.<\/p>\n\n<p><strong>Data security<\/strong><\/p>\n\n<p>We take technical and organizational measures to ensure the security of your data.<\/p>\n\n<p><strong>Modification of this Policy<\/strong><\/p>\n\n<p>We may update this policy to reflect changes in our practices or for other operational, legal or regulatory reasons.<\/p>\n\n<p><strong>Contact<\/strong><\/p>\n\n<p>If you have any questions about this policy, please contact us at <a href=\"mailto:info@groupe-bader.ch\">info@groupe-bader.ch<\/a>\/<a href=\"tel:+41 21 652 03 09\"><span class=\"elementor-icon-list-text\">+41 21 652 03 09<\/span><\/a>.<\/p>\n\t\t\t\t\t\t\t\t<\/div>\n\t\t\t\t<\/div>\n\t\t\t\t\t<\/div>\n\t\t\t\t<\/div>\n\t\t\t\t<\/div>","protected":false},"excerpt":{"rendered":"<p>Politique de Confidentialit\u00e9\u00a0 Introduction Bienvenue sur notre site https:\/\/groupe-bader.ch. Dans le souci de respecter et de prot\u00e9ger la vie priv\u00e9e de nos utilisateurs, nous avons \u00e9labor\u00e9 cette politique de confidentialit\u00e9 en conformit\u00e9 avec la loi f\u00e9d\u00e9rale suisse sur la protection des donn\u00e9es (nLPD). Cette politique explicite notre engagement \u00e0 traiter vos donn\u00e9es personnelles de mani\u00e8re [&hellip;]<\/p>\n","protected":false},"author":4,"featured_media":0,"parent":0,"menu_order":0,"comment_status":"closed","ping_status":"closed","template":"","meta":{"_acf_changed":false,"site-sidebar-layout":"default","site-content-layout":"","ast-site-content-layout":"default","site-content-style":"default","site-sidebar-style":"default","ast-global-header-display":"","ast-banner-title-visibility":"","ast-main-header-display":"","ast-hfb-above-header-display":"","ast-hfb-below-header-display":"","ast-hfb-mobile-header-display":"","site-post-title":"disabled","ast-breadcrumbs-content":"","ast-featured-img":"","footer-sml-layout":"","ast-disable-related-posts":"","theme-transparent-header-meta":"enabled","adv-header-id-meta":"","stick-header-meta":"","header-above-stick-meta":"","header-main-stick-meta":"","header-below-stick-meta":"","astra-migrate-meta-layouts":"set","ast-page-background-enabled":"default","ast-page-background-meta":{"desktop":{"background-color":"var(--ast-global-color-4)","background-image":"","background-repeat":"repeat","background-position":"center center","background-size":"auto","background-attachment":"scroll","background-type":"","background-media":"","overlay-type":"","overlay-color":"","overlay-opacity":"","overlay-gradient":""},"tablet":{"background-color":"","background-image":"","background-repeat":"repeat","background-position":"center center","background-size":"auto","background-attachment":"scroll","background-type":"","background-media":"","overlay-type":"","overlay-color":"","overlay-opacity":"","overlay-gradient":""},"mobile":{"background-color":"","background-image":"","background-repeat":"repeat","background-position":"center center","background-size":"auto","background-attachment":"scroll","background-type":"","background-media":"","overlay-type":"","overlay-color":"","overlay-opacity":"","overlay-gradient":""}},"ast-content-background-meta":{"desktop":{"background-color":"var(--ast-global-color-5)","background-image":"","background-repeat":"repeat","background-position":"center center","background-size":"auto","background-attachment":"scroll","background-type":"","background-media":"","overlay-type":"","overlay-color":"","overlay-opacity":"","overlay-gradient":""},"tablet":{"background-color":"var(--ast-global-color-5)","background-image":"","background-repeat":"repeat","background-position":"center center","background-size":"auto","background-attachment":"scroll","background-type":"","background-media":"","overlay-type":"","overlay-color":"","overlay-opacity":"","overlay-gradient":""},"mobile":{"background-color":"var(--ast-global-color-5)","background-image":"","background-repeat":"repeat","background-position":"center center","background-size":"auto","background-attachment":"scroll","background-type":"","background-media":"","overlay-type":"","overlay-color":"","overlay-opacity":"","overlay-gradient":""}},"footnotes":""},"class_list":["post-346","page","type-page","status-publish","hentry"],"acf":[],"yoast_head":"<!-- This site is optimized with the Yoast SEO plugin v27.4 - https:\/\/yoast.com\/product\/yoast-seo-wordpress\/ -->\n<title>Politique de confidentialit\u00e9 - Groupe Bader SA<\/title>\n<meta name=\"robots\" content=\"index, follow, max-snippet:-1, max-image-preview:large, max-video-preview:-1\" \/>\n<link rel=\"canonical\" href=\"https:\/\/groupe-bader.ch\/en\/politique-de-confidentialite\/\" \/>\n<meta property=\"og:locale\" content=\"en_US\" \/>\n<meta property=\"og:type\" content=\"article\" \/>\n<meta property=\"og:title\" content=\"Politique de confidentialit\u00e9 - Groupe Bader SA\" \/>\n<meta property=\"og:description\" content=\"Politique de Confidentialit\u00e9\u00a0 Introduction Bienvenue sur notre site https:\/\/groupe-bader.ch. Dans le souci de respecter et de prot\u00e9ger la vie priv\u00e9e de nos utilisateurs, nous avons \u00e9labor\u00e9 cette politique de confidentialit\u00e9 en conformit\u00e9 avec la loi f\u00e9d\u00e9rale suisse sur la protection des donn\u00e9es (nLPD). Cette politique explicite notre engagement \u00e0 traiter vos donn\u00e9es personnelles de mani\u00e8re [&hellip;]\" \/>\n<meta property=\"og:url\" content=\"https:\/\/groupe-bader.ch\/en\/politique-de-confidentialite\/\" \/>\n<meta property=\"og:site_name\" content=\"Groupe Bader SA\" \/>\n<meta property=\"article:modified_time\" content=\"2024-02-15T12:45:10+00:00\" \/>\n<meta name=\"twitter:card\" content=\"summary_large_image\" \/>\n<meta name=\"twitter:label1\" content=\"Est. reading time\" \/>\n\t<meta name=\"twitter:data1\" content=\"3 minutes\" \/>\n<script type=\"application\/ld+json\" class=\"yoast-schema-graph\">{\"@context\":\"https:\\\/\\\/schema.org\",\"@graph\":[{\"@type\":\"WebPage\",\"@id\":\"https:\\\/\\\/groupe-bader.ch\\\/politique-de-confidentialite\\\/\",\"url\":\"https:\\\/\\\/groupe-bader.ch\\\/politique-de-confidentialite\\\/\",\"name\":\"Politique de confidentialit\u00e9 - Groupe Bader SA\",\"isPartOf\":{\"@id\":\"https:\\\/\\\/groupe-bader.ch\\\/#website\"},\"datePublished\":\"2024-01-17T17:32:42+00:00\",\"dateModified\":\"2024-02-15T12:45:10+00:00\",\"breadcrumb\":{\"@id\":\"https:\\\/\\\/groupe-bader.ch\\\/politique-de-confidentialite\\\/#breadcrumb\"},\"inLanguage\":\"en-US\",\"potentialAction\":[{\"@type\":\"ReadAction\",\"target\":[\"https:\\\/\\\/groupe-bader.ch\\\/politique-de-confidentialite\\\/\"]}]},{\"@type\":\"BreadcrumbList\",\"@id\":\"https:\\\/\\\/groupe-bader.ch\\\/politique-de-confidentialite\\\/#breadcrumb\",\"itemListElement\":[{\"@type\":\"ListItem\",\"position\":1,\"name\":\"Accueil\",\"item\":\"https:\\\/\\\/groupe-bader.ch\\\/\"},{\"@type\":\"ListItem\",\"position\":2,\"name\":\"Politique de confidentialit\u00e9\"}]},{\"@type\":\"WebSite\",\"@id\":\"https:\\\/\\\/groupe-bader.ch\\\/#website\",\"url\":\"https:\\\/\\\/groupe-bader.ch\\\/\",\"name\":\"Groupe Bader SA\",\"description\":\"\",\"publisher\":{\"@id\":\"https:\\\/\\\/groupe-bader.ch\\\/#organization\"},\"potentialAction\":[{\"@type\":\"SearchAction\",\"target\":{\"@type\":\"EntryPoint\",\"urlTemplate\":\"https:\\\/\\\/groupe-bader.ch\\\/?s={search_term_string}\"},\"query-input\":{\"@type\":\"PropertyValueSpecification\",\"valueRequired\":true,\"valueName\":\"search_term_string\"}}],\"inLanguage\":\"en-US\"},{\"@type\":\"Organization\",\"@id\":\"https:\\\/\\\/groupe-bader.ch\\\/#organization\",\"name\":\"Groupe Bader SA\",\"url\":\"https:\\\/\\\/groupe-bader.ch\\\/\",\"logo\":{\"@type\":\"ImageObject\",\"inLanguage\":\"en-US\",\"@id\":\"https:\\\/\\\/groupe-bader.ch\\\/#\\\/schema\\\/logo\\\/image\\\/\",\"url\":\"https:\\\/\\\/groupe-bader.ch\\\/wp-content\\\/uploads\\\/2024\\\/02\\\/logo_blanc.svg\",\"contentUrl\":\"https:\\\/\\\/groupe-bader.ch\\\/wp-content\\\/uploads\\\/2024\\\/02\\\/logo_blanc.svg\",\"caption\":\"Groupe Bader SA\"},\"image\":{\"@id\":\"https:\\\/\\\/groupe-bader.ch\\\/#\\\/schema\\\/logo\\\/image\\\/\"}}]}<\/script>\n<!-- \/ Yoast SEO plugin. -->","yoast_head_json":{"title":"Politique de confidentialit\u00e9 - Groupe Bader SA","robots":{"index":"index","follow":"follow","max-snippet":"max-snippet:-1","max-image-preview":"max-image-preview:large","max-video-preview":"max-video-preview:-1"},"canonical":"https:\/\/groupe-bader.ch\/en\/politique-de-confidentialite\/","og_locale":"en_US","og_type":"article","og_title":"Politique de confidentialit\u00e9 - Groupe Bader SA","og_description":"Politique de Confidentialit\u00e9\u00a0 Introduction Bienvenue sur notre site https:\/\/groupe-bader.ch. Dans le souci de respecter et de prot\u00e9ger la vie priv\u00e9e de nos utilisateurs, nous avons \u00e9labor\u00e9 cette politique de confidentialit\u00e9 en conformit\u00e9 avec la loi f\u00e9d\u00e9rale suisse sur la protection des donn\u00e9es (nLPD). Cette politique explicite notre engagement \u00e0 traiter vos donn\u00e9es personnelles de mani\u00e8re [&hellip;]","og_url":"https:\/\/groupe-bader.ch\/en\/politique-de-confidentialite\/","og_site_name":"Groupe Bader SA","article_modified_time":"2024-02-15T12:45:10+00:00","twitter_card":"summary_large_image","twitter_misc":{"Est. reading time":"3 minutes"},"schema":{"@context":"https:\/\/schema.org","@graph":[{"@type":"WebPage","@id":"https:\/\/groupe-bader.ch\/politique-de-confidentialite\/","url":"https:\/\/groupe-bader.ch\/politique-de-confidentialite\/","name":"Politique de confidentialit\u00e9 - Groupe Bader SA","isPartOf":{"@id":"https:\/\/groupe-bader.ch\/#website"},"datePublished":"2024-01-17T17:32:42+00:00","dateModified":"2024-02-15T12:45:10+00:00","breadcrumb":{"@id":"https:\/\/groupe-bader.ch\/politique-de-confidentialite\/#breadcrumb"},"inLanguage":"en-US","potentialAction":[{"@type":"ReadAction","target":["https:\/\/groupe-bader.ch\/politique-de-confidentialite\/"]}]},{"@type":"BreadcrumbList","@id":"https:\/\/groupe-bader.ch\/politique-de-confidentialite\/#breadcrumb","itemListElement":[{"@type":"ListItem","position":1,"name":"Accueil","item":"https:\/\/groupe-bader.ch\/"},{"@type":"ListItem","position":2,"name":"Politique de confidentialit\u00e9"}]},{"@type":"WebSite","@id":"https:\/\/groupe-bader.ch\/#website","url":"https:\/\/groupe-bader.ch\/","name":"Group Bader SA","description":"","publisher":{"@id":"https:\/\/groupe-bader.ch\/#organization"},"potentialAction":[{"@type":"SearchAction","target":{"@type":"EntryPoint","urlTemplate":"https:\/\/groupe-bader.ch\/?s={search_term_string}"},"query-input":{"@type":"PropertyValueSpecification","valueRequired":true,"valueName":"search_term_string"}}],"inLanguage":"en-US"},{"@type":"Organization","@id":"https:\/\/groupe-bader.ch\/#organization","name":"Group Bader SA","url":"https:\/\/groupe-bader.ch\/","logo":{"@type":"ImageObject","inLanguage":"en-US","@id":"https:\/\/groupe-bader.ch\/#\/schema\/logo\/image\/","url":"https:\/\/groupe-bader.ch\/wp-content\/uploads\/2024\/02\/logo_blanc.svg","contentUrl":"https:\/\/groupe-bader.ch\/wp-content\/uploads\/2024\/02\/logo_blanc.svg","caption":"Groupe Bader SA"},"image":{"@id":"https:\/\/groupe-bader.ch\/#\/schema\/logo\/image\/"}}]}},"_links":{"self":[{"href":"https:\/\/groupe-bader.ch\/en\/wp-json\/wp\/v2\/pages\/346","targetHints":{"allow":["GET"]}}],"collection":[{"href":"https:\/\/groupe-bader.ch\/en\/wp-json\/wp\/v2\/pages"}],"about":[{"href":"https:\/\/groupe-bader.ch\/en\/wp-json\/wp\/v2\/types\/page"}],"author":[{"embeddable":true,"href":"https:\/\/groupe-bader.ch\/en\/wp-json\/wp\/v2\/users\/4"}],"replies":[{"embeddable":true,"href":"https:\/\/groupe-bader.ch\/en\/wp-json\/wp\/v2\/comments?post=346"}],"version-history":[{"count":49,"href":"https:\/\/groupe-bader.ch\/en\/wp-json\/wp\/v2\/pages\/346\/revisions"}],"predecessor-version":[{"id":3003,"href":"https:\/\/groupe-bader.ch\/en\/wp-json\/wp\/v2\/pages\/346\/revisions\/3003"}],"wp:attachment":[{"href":"https:\/\/groupe-bader.ch\/en\/wp-json\/wp\/v2\/media?parent=346"}],"curies":[{"name":"wp","href":"https:\/\/api.w.org\/{rel}","templated":true}]}}