{"id":346,"date":"2024-01-17T18:32:42","date_gmt":"2024-01-17T17:32:42","guid":{"rendered":"https:\/\/groupe-bader.2ds.ch\/?page_id=346"},"modified":"2024-02-15T13:45:10","modified_gmt":"2024-02-15T12:45:10","slug":"politique-de-confidentialite","status":"publish","type":"page","link":"https:\/\/groupe-bader.ch\/es\/politique-de-confidentialite\/","title":{"rendered":"pol\u00edtica de confidencialidad"},"content":{"rendered":"<div data-elementor-type=\"wp-page\" data-elementor-id=\"346\" class=\"elementor elementor-346\" data-elementor-post-type=\"page\">\n\t\t\t\t<div class=\"elementor-element elementor-element-27f21909 e-flex e-con-boxed e-con e-parent\" data-id=\"27f21909\" data-element_type=\"container\" data-e-type=\"container\">\n\t\t\t\t\t<div class=\"e-con-inner\">\n\t\t\t\t<div class=\"elementor-element elementor-element-68157adb elementor-widget elementor-widget-text-editor\" data-id=\"68157adb\" data-element_type=\"widget\" data-e-type=\"widget\" data-widget_type=\"text-editor.default\">\n\t\t\t\t<div class=\"elementor-widget-container\">\n\t\t\t\t\t\t\t\t\t\n<p><strong>Pol\u00edtica de privacidad\u00a0<\/strong><\/p>\n\n<p><strong>Introducci\u00f3n<\/strong><\/p>\n\n<p>Bienvenido a nuestro sitio web <a href=\"https:\/\/groupe-bader.ch\/es\/\">https:\/\/groupe-bader.ch<\/a>. Con el fin de respetar y proteger la privacidad de nuestros usuarios, hemos elaborado esta pol\u00edtica de privacidad de acuerdo con la Ley Federal Suiza de Protecci\u00f3n de Datos (nLPD). Esta pol\u00edtica explica nuestro compromiso de tratar sus datos personales de forma responsable y transparente.<\/p>\n\n<p><strong>Recogida de datos<\/strong><\/p>\n\n<ul class=\"wp-block-list\">\n<li>Comentarios: cuando deja un comentario, recogemos datos del formulario, su direcci\u00f3n IP y el agente de usuario de su navegador para detectar comentarios no deseados. Con Gravatar, se utiliza una cadena anonimizada (hash) de su correo electr\u00f3nico para saber si utiliza este servicio. Su foto de perfil Gravatar se hace p\u00fablica junto a su comentario una vez validado.<\/li>\n\n<li>Medios: Si subes im\u00e1genes, evita las que contengan datos EXIF de coordenadas GPS. Los visitantes podr\u00edan extraer datos de localizaci\u00f3n de estas im\u00e1genes.<\/li>\n\n<li>Cookies: Si deja un comentario, puede guardar su nombre, direcci\u00f3n de correo electr\u00f3nico y sitio web en cookies para su comodidad. Las cookies de inicio de sesi\u00f3n duran dos d\u00edas y las de opci\u00f3n de pantalla, un a\u00f1o. Si selecciona \"Recordarme\", la cookie de inicio de sesi\u00f3n durar\u00e1 dos semanas. Al publicar, se crea una cookie temporal, sin datos personales.<\/li>\n\n<li>Contenido incrustado: los art\u00edculos pueden incluir contenido incrustado de otros sitios, comport\u00e1ndose como si los visitara directamente. Estos sitios pueden recopilar datos sobre usted, utilizar cookies e incrustar herramientas de seguimiento.<\/li>\n<\/ul>\n\n<p><strong>Uso y transmisi\u00f3n de sus datos personales<\/strong><\/p>\n\n<ul class=\"wp-block-list\">\n<li>Su direcci\u00f3n IP se incluye en el correo electr\u00f3nico de restablecimiento de contrase\u00f1a.<\/li>\n\n<li>Periodos de almacenamiento: los comentarios y sus metadatos se almacenan indefinidamente para reconocer y aprobar autom\u00e1ticamente los comentarios posteriores. Los datos de las cuentas de usuario se conservan mientras la cuenta est\u00e9 activa. Usted puede ver, modificar o eliminar sus datos en cualquier momento (excepto su nombre de usuario).<\/li>\n<\/ul>\n\n<p><strong>Sus derechos sobre sus datos personales<\/strong><\/p>\n\n<p>Puede solicitar un archivo exportado de sus datos personales que obren en nuestro poder, incluidos los datos que nos haya facilitado. Tambi\u00e9n puede solicitar la supresi\u00f3n de sus datos personales, con la excepci\u00f3n de los datos conservados por obligaciones legales, de seguridad o administrativas.<\/p>\n\n<p><strong>Transmisi\u00f3n de datos<\/strong><\/p>\n\n<p>Los comentarios pueden comprobarse mediante un servicio automatizado para detectar comentarios no deseados.<\/p>\n\n<p><strong>Seguridad de los datos<\/strong><\/p>\n\n<p>Tomamos medidas t\u00e9cnicas y organizativas para garantizar la seguridad de sus datos.<\/p>\n\n<p><strong>Cambios en esta pol\u00edtica<\/strong><\/p>\n\n<p>Podemos actualizar esta pol\u00edtica para reflejar cambios en nuestras pr\u00e1cticas o por otras razones operativas, legales o reglamentarias.<\/p>\n\n<p><strong>Contactar<\/strong><\/p>\n\n<p>Si tiene alguna pregunta sobre esta pol\u00edtica, p\u00f3ngase en contacto con nosotros en <a href=\"mailto:info@groupe-bader.ch\">info@groupe-bader.ch<\/a>\/<a href=\"tel:+41 21 652 03 09\"><span class=\"elementor-icon-list-text\">+41 21 652 03 09<\/span><\/a>.<\/p>\n\t\t\t\t\t\t\t\t<\/div>\n\t\t\t\t<\/div>\n\t\t\t\t\t<\/div>\n\t\t\t\t<\/div>\n\t\t\t\t<\/div>","protected":false},"excerpt":{"rendered":"<p>Politique de Confidentialit\u00e9\u00a0 Introduction Bienvenue sur notre site https:\/\/groupe-bader.ch. Dans le souci de respecter et de prot\u00e9ger la vie priv\u00e9e de nos utilisateurs, nous avons \u00e9labor\u00e9 cette politique de confidentialit\u00e9 en conformit\u00e9 avec la loi f\u00e9d\u00e9rale suisse sur la protection des donn\u00e9es (nLPD). Cette politique explicite notre engagement \u00e0 traiter vos donn\u00e9es personnelles de mani\u00e8re [&hellip;]<\/p>\n","protected":false},"author":4,"featured_media":0,"parent":0,"menu_order":0,"comment_status":"closed","ping_status":"closed","template":"","meta":{"_acf_changed":false,"site-sidebar-layout":"default","site-content-layout":"","ast-site-content-layout":"default","site-content-style":"default","site-sidebar-style":"default","ast-global-header-display":"","ast-banner-title-visibility":"","ast-main-header-display":"","ast-hfb-above-header-display":"","ast-hfb-below-header-display":"","ast-hfb-mobile-header-display":"","site-post-title":"disabled","ast-breadcrumbs-content":"","ast-featured-img":"","footer-sml-layout":"","ast-disable-related-posts":"","theme-transparent-header-meta":"enabled","adv-header-id-meta":"","stick-header-meta":"","header-above-stick-meta":"","header-main-stick-meta":"","header-below-stick-meta":"","astra-migrate-meta-layouts":"set","ast-page-background-enabled":"default","ast-page-background-meta":{"desktop":{"background-color":"var(--ast-global-color-4)","background-image":"","background-repeat":"repeat","background-position":"center center","background-size":"auto","background-attachment":"scroll","background-type":"","background-media":"","overlay-type":"","overlay-color":"","overlay-opacity":"","overlay-gradient":""},"tablet":{"background-color":"","background-image":"","background-repeat":"repeat","background-position":"center center","background-size":"auto","background-attachment":"scroll","background-type":"","background-media":"","overlay-type":"","overlay-color":"","overlay-opacity":"","overlay-gradient":""},"mobile":{"background-color":"","background-image":"","background-repeat":"repeat","background-position":"center center","background-size":"auto","background-attachment":"scroll","background-type":"","background-media":"","overlay-type":"","overlay-color":"","overlay-opacity":"","overlay-gradient":""}},"ast-content-background-meta":{"desktop":{"background-color":"var(--ast-global-color-5)","background-image":"","background-repeat":"repeat","background-position":"center center","background-size":"auto","background-attachment":"scroll","background-type":"","background-media":"","overlay-type":"","overlay-color":"","overlay-opacity":"","overlay-gradient":""},"tablet":{"background-color":"var(--ast-global-color-5)","background-image":"","background-repeat":"repeat","background-position":"center center","background-size":"auto","background-attachment":"scroll","background-type":"","background-media":"","overlay-type":"","overlay-color":"","overlay-opacity":"","overlay-gradient":""},"mobile":{"background-color":"var(--ast-global-color-5)","background-image":"","background-repeat":"repeat","background-position":"center center","background-size":"auto","background-attachment":"scroll","background-type":"","background-media":"","overlay-type":"","overlay-color":"","overlay-opacity":"","overlay-gradient":""}},"footnotes":""},"class_list":["post-346","page","type-page","status-publish","hentry"],"acf":[],"yoast_head":"<!-- This site is optimized with the Yoast SEO plugin v27.4 - https:\/\/yoast.com\/product\/yoast-seo-wordpress\/ -->\n<title>Politique de confidentialit\u00e9 - Groupe Bader SA<\/title>\n<meta name=\"robots\" content=\"index, follow, max-snippet:-1, max-image-preview:large, max-video-preview:-1\" \/>\n<link rel=\"canonical\" href=\"https:\/\/groupe-bader.ch\/es\/politique-de-confidentialite\/\" \/>\n<meta property=\"og:locale\" content=\"es_ES\" \/>\n<meta property=\"og:type\" content=\"article\" \/>\n<meta property=\"og:title\" content=\"Politique de confidentialit\u00e9 - Groupe Bader SA\" \/>\n<meta property=\"og:description\" content=\"Politique de Confidentialit\u00e9\u00a0 Introduction Bienvenue sur notre site https:\/\/groupe-bader.ch. Dans le souci de respecter et de prot\u00e9ger la vie priv\u00e9e de nos utilisateurs, nous avons \u00e9labor\u00e9 cette politique de confidentialit\u00e9 en conformit\u00e9 avec la loi f\u00e9d\u00e9rale suisse sur la protection des donn\u00e9es (nLPD). Cette politique explicite notre engagement \u00e0 traiter vos donn\u00e9es personnelles de mani\u00e8re [&hellip;]\" \/>\n<meta property=\"og:url\" content=\"https:\/\/groupe-bader.ch\/es\/politique-de-confidentialite\/\" \/>\n<meta property=\"og:site_name\" content=\"Groupe Bader SA\" \/>\n<meta property=\"article:modified_time\" content=\"2024-02-15T12:45:10+00:00\" \/>\n<meta name=\"twitter:card\" content=\"summary_large_image\" \/>\n<meta name=\"twitter:label1\" content=\"Tiempo de lectura\" \/>\n\t<meta name=\"twitter:data1\" content=\"3 minutos\" \/>\n<script type=\"application\/ld+json\" class=\"yoast-schema-graph\">{\"@context\":\"https:\\\/\\\/schema.org\",\"@graph\":[{\"@type\":\"WebPage\",\"@id\":\"https:\\\/\\\/groupe-bader.ch\\\/politique-de-confidentialite\\\/\",\"url\":\"https:\\\/\\\/groupe-bader.ch\\\/politique-de-confidentialite\\\/\",\"name\":\"Politique de confidentialit\u00e9 - Groupe Bader SA\",\"isPartOf\":{\"@id\":\"https:\\\/\\\/groupe-bader.ch\\\/#website\"},\"datePublished\":\"2024-01-17T17:32:42+00:00\",\"dateModified\":\"2024-02-15T12:45:10+00:00\",\"breadcrumb\":{\"@id\":\"https:\\\/\\\/groupe-bader.ch\\\/politique-de-confidentialite\\\/#breadcrumb\"},\"inLanguage\":\"es\",\"potentialAction\":[{\"@type\":\"ReadAction\",\"target\":[\"https:\\\/\\\/groupe-bader.ch\\\/politique-de-confidentialite\\\/\"]}]},{\"@type\":\"BreadcrumbList\",\"@id\":\"https:\\\/\\\/groupe-bader.ch\\\/politique-de-confidentialite\\\/#breadcrumb\",\"itemListElement\":[{\"@type\":\"ListItem\",\"position\":1,\"name\":\"Accueil\",\"item\":\"https:\\\/\\\/groupe-bader.ch\\\/\"},{\"@type\":\"ListItem\",\"position\":2,\"name\":\"Politique de confidentialit\u00e9\"}]},{\"@type\":\"WebSite\",\"@id\":\"https:\\\/\\\/groupe-bader.ch\\\/#website\",\"url\":\"https:\\\/\\\/groupe-bader.ch\\\/\",\"name\":\"Groupe Bader SA\",\"description\":\"\",\"publisher\":{\"@id\":\"https:\\\/\\\/groupe-bader.ch\\\/#organization\"},\"potentialAction\":[{\"@type\":\"SearchAction\",\"target\":{\"@type\":\"EntryPoint\",\"urlTemplate\":\"https:\\\/\\\/groupe-bader.ch\\\/?s={search_term_string}\"},\"query-input\":{\"@type\":\"PropertyValueSpecification\",\"valueRequired\":true,\"valueName\":\"search_term_string\"}}],\"inLanguage\":\"es\"},{\"@type\":\"Organization\",\"@id\":\"https:\\\/\\\/groupe-bader.ch\\\/#organization\",\"name\":\"Groupe Bader SA\",\"url\":\"https:\\\/\\\/groupe-bader.ch\\\/\",\"logo\":{\"@type\":\"ImageObject\",\"inLanguage\":\"es\",\"@id\":\"https:\\\/\\\/groupe-bader.ch\\\/#\\\/schema\\\/logo\\\/image\\\/\",\"url\":\"https:\\\/\\\/groupe-bader.ch\\\/wp-content\\\/uploads\\\/2024\\\/02\\\/logo_blanc.svg\",\"contentUrl\":\"https:\\\/\\\/groupe-bader.ch\\\/wp-content\\\/uploads\\\/2024\\\/02\\\/logo_blanc.svg\",\"caption\":\"Groupe Bader SA\"},\"image\":{\"@id\":\"https:\\\/\\\/groupe-bader.ch\\\/#\\\/schema\\\/logo\\\/image\\\/\"}}]}<\/script>\n<!-- \/ Yoast SEO plugin. -->","yoast_head_json":{"title":"Politique de confidentialit\u00e9 - Groupe Bader SA","robots":{"index":"index","follow":"follow","max-snippet":"max-snippet:-1","max-image-preview":"max-image-preview:large","max-video-preview":"max-video-preview:-1"},"canonical":"https:\/\/groupe-bader.ch\/es\/politique-de-confidentialite\/","og_locale":"es_ES","og_type":"article","og_title":"Politique de confidentialit\u00e9 - Groupe Bader SA","og_description":"Politique de Confidentialit\u00e9\u00a0 Introduction Bienvenue sur notre site https:\/\/groupe-bader.ch. Dans le souci de respecter et de prot\u00e9ger la vie priv\u00e9e de nos utilisateurs, nous avons \u00e9labor\u00e9 cette politique de confidentialit\u00e9 en conformit\u00e9 avec la loi f\u00e9d\u00e9rale suisse sur la protection des donn\u00e9es (nLPD). Cette politique explicite notre engagement \u00e0 traiter vos donn\u00e9es personnelles de mani\u00e8re [&hellip;]","og_url":"https:\/\/groupe-bader.ch\/es\/politique-de-confidentialite\/","og_site_name":"Groupe Bader SA","article_modified_time":"2024-02-15T12:45:10+00:00","twitter_card":"summary_large_image","twitter_misc":{"Tiempo de lectura":"3 minutos"},"schema":{"@context":"https:\/\/schema.org","@graph":[{"@type":"WebPage","@id":"https:\/\/groupe-bader.ch\/politique-de-confidentialite\/","url":"https:\/\/groupe-bader.ch\/politique-de-confidentialite\/","name":"Politique de confidentialit\u00e9 - Groupe Bader SA","isPartOf":{"@id":"https:\/\/groupe-bader.ch\/#website"},"datePublished":"2024-01-17T17:32:42+00:00","dateModified":"2024-02-15T12:45:10+00:00","breadcrumb":{"@id":"https:\/\/groupe-bader.ch\/politique-de-confidentialite\/#breadcrumb"},"inLanguage":"es","potentialAction":[{"@type":"ReadAction","target":["https:\/\/groupe-bader.ch\/politique-de-confidentialite\/"]}]},{"@type":"BreadcrumbList","@id":"https:\/\/groupe-bader.ch\/politique-de-confidentialite\/#breadcrumb","itemListElement":[{"@type":"ListItem","position":1,"name":"Accueil","item":"https:\/\/groupe-bader.ch\/"},{"@type":"ListItem","position":2,"name":"Politique de confidentialit\u00e9"}]},{"@type":"WebSite","@id":"https:\/\/groupe-bader.ch\/#website","url":"https:\/\/groupe-bader.ch\/","name":"Grupo Bader SA","description":"","publisher":{"@id":"https:\/\/groupe-bader.ch\/#organization"},"potentialAction":[{"@type":"SearchAction","target":{"@type":"EntryPoint","urlTemplate":"https:\/\/groupe-bader.ch\/?s={search_term_string}"},"query-input":{"@type":"PropertyValueSpecification","valueRequired":true,"valueName":"search_term_string"}}],"inLanguage":"es"},{"@type":"Organization","@id":"https:\/\/groupe-bader.ch\/#organization","name":"Grupo Bader SA","url":"https:\/\/groupe-bader.ch\/","logo":{"@type":"ImageObject","inLanguage":"es","@id":"https:\/\/groupe-bader.ch\/#\/schema\/logo\/image\/","url":"https:\/\/groupe-bader.ch\/wp-content\/uploads\/2024\/02\/logo_blanc.svg","contentUrl":"https:\/\/groupe-bader.ch\/wp-content\/uploads\/2024\/02\/logo_blanc.svg","caption":"Groupe Bader SA"},"image":{"@id":"https:\/\/groupe-bader.ch\/#\/schema\/logo\/image\/"}}]}},"_links":{"self":[{"href":"https:\/\/groupe-bader.ch\/es\/wp-json\/wp\/v2\/pages\/346","targetHints":{"allow":["GET"]}}],"collection":[{"href":"https:\/\/groupe-bader.ch\/es\/wp-json\/wp\/v2\/pages"}],"about":[{"href":"https:\/\/groupe-bader.ch\/es\/wp-json\/wp\/v2\/types\/page"}],"author":[{"embeddable":true,"href":"https:\/\/groupe-bader.ch\/es\/wp-json\/wp\/v2\/users\/4"}],"replies":[{"embeddable":true,"href":"https:\/\/groupe-bader.ch\/es\/wp-json\/wp\/v2\/comments?post=346"}],"version-history":[{"count":49,"href":"https:\/\/groupe-bader.ch\/es\/wp-json\/wp\/v2\/pages\/346\/revisions"}],"predecessor-version":[{"id":3003,"href":"https:\/\/groupe-bader.ch\/es\/wp-json\/wp\/v2\/pages\/346\/revisions\/3003"}],"wp:attachment":[{"href":"https:\/\/groupe-bader.ch\/es\/wp-json\/wp\/v2\/media?parent=346"}],"curies":[{"name":"wp","href":"https:\/\/api.w.org\/{rel}","templated":true}]}}