{"id":346,"date":"2024-01-17T18:32:42","date_gmt":"2024-01-17T17:32:42","guid":{"rendered":"https:\/\/groupe-bader.2ds.ch\/?page_id=346"},"modified":"2024-02-15T13:45:10","modified_gmt":"2024-02-15T12:45:10","slug":"politique-de-confidentialite","status":"publish","type":"page","link":"https:\/\/groupe-bader.ch\/it\/politique-de-confidentialite\/","title":{"rendered":"politica sulla riservatezza"},"content":{"rendered":"<div data-elementor-type=\"wp-page\" data-elementor-id=\"346\" class=\"elementor elementor-346\" data-elementor-post-type=\"page\">\n\t\t\t\t<div class=\"elementor-element elementor-element-27f21909 e-flex e-con-boxed e-con e-parent\" data-id=\"27f21909\" data-element_type=\"container\" data-e-type=\"container\">\n\t\t\t\t\t<div class=\"e-con-inner\">\n\t\t\t\t<div class=\"elementor-element elementor-element-68157adb elementor-widget elementor-widget-text-editor\" data-id=\"68157adb\" data-element_type=\"widget\" data-e-type=\"widget\" data-widget_type=\"text-editor.default\">\n\t\t\t\t<div class=\"elementor-widget-container\">\n\t\t\t\t\t\t\t\t\t\n<p><strong>Informativa sulla privacy\u00a0<\/strong><\/p>\n\n<p><strong>Introduzione<\/strong><\/p>\n\n<p>Benvenuti nel nostro sito web <a href=\"https:\/\/groupe-bader.ch\/it\/\">https:\/\/groupe-bader.ch<\/a>. Al fine di rispettare e proteggere la privacy dei nostri utenti, abbiamo redatto la presente informativa sulla privacy in conformit\u00e0 con la legge federale svizzera sulla protezione dei dati (nLPD). La presente informativa illustra il nostro impegno a trattare i vostri dati personali in modo responsabile e trasparente.<\/p>\n\n<p><strong>Raccolta dati<\/strong><\/p>\n\n<ul class=\"wp-block-list\">\n<li>Commenti: quando lasciate un commento, raccogliamo i dati del modulo, il vostro indirizzo IP e lo user agent del vostro browser per rilevare i commenti indesiderati. Con Gravatar, viene utilizzata una stringa anonima (hash) della vostra e-mail per verificare se utilizzate questo servizio. La foto del profilo Gravatar viene resa pubblica accanto al commento una volta convalidato.<\/li>\n\n<li>Media: se caricate immagini, evitate quelle con dati EXIF di coordinate GPS. I visitatori potrebbero estrarre i dati sulla posizione da queste immagini.<\/li>\n\n<li>Cookie: se lasciate un commento, per comodit\u00e0 potete salvare il vostro nome, indirizzo e-mail e sito web nei cookie. I cookie di accesso hanno una durata di due giorni, mentre i cookie delle opzioni dello schermo hanno una durata di un anno. Se si seleziona \"Ricordami\", il cookie di accesso durer\u00e0 due settimane. Quando si pubblica, viene creato un cookie temporaneo, senza dati personali.<\/li>\n\n<li>Contenuti incorporati: gli articoli possono includere contenuti incorporati di altri siti, comportandosi come se l'utente stesse visitando direttamente tali siti. Questi siti possono raccogliere dati sull'utente, utilizzare cookie e incorporare strumenti di tracciamento.<\/li>\n<\/ul>\n\n<p><strong>Utilizzo e trasmissione dei vostri dati personali<\/strong><\/p>\n\n<ul class=\"wp-block-list\">\n<li>Il vostro indirizzo IP \u00e8 incluso nell'e-mail di reimpostazione della password.<\/li>\n\n<li>Periodi di conservazione: i commenti e i relativi metadati vengono conservati a tempo indeterminato per riconoscere e approvare automaticamente i commenti successivi. I dati dell'account utente vengono conservati per tutto il tempo in cui l'account \u00e8 attivo. L'utente pu\u00f2 visualizzare, modificare o cancellare le proprie informazioni in qualsiasi momento (ad eccezione del proprio login).<\/li>\n<\/ul>\n\n<p><strong>I vostri diritti sui vostri dati personali<\/strong><\/p>\n\n<p>Potete richiedere un file esportato dei vostri dati personali in nostro possesso, compresi i dati da voi forniti. Potete anche richiedere la cancellazione dei vostri dati personali, ad eccezione di quelli conservati per obblighi legali, di sicurezza o amministrativi.<\/p>\n\n<p><strong>Trasmissione dati<\/strong><\/p>\n\n<p>I commenti possono essere controllati con un servizio automatico per individuare i commenti indesiderati.<\/p>\n\n<p><strong>Sicurezza dei dati<\/strong><\/p>\n\n<p>Adottiamo misure tecniche e organizzative per garantire la sicurezza dei vostri dati.<\/p>\n\n<p><strong>Modifiche a questa politica<\/strong><\/p>\n\n<p>Possiamo aggiornare questa politica per riflettere le modifiche alle nostre pratiche o per altre ragioni operative, legali o normative.<\/p>\n\n<p><strong>Contatto<\/strong><\/p>\n\n<p>In caso di domande su questa politica, si prega di contattarci a <a href=\"mailto:info@groupe-bader.ch\">info@groupe-bader.ch<\/a>\/<a href=\"tel:+41 21 652 03 09\"><span class=\"elementor-icon-list-text\">+41 21 652 03 09<\/span><\/a>.<\/p>\n\t\t\t\t\t\t\t\t<\/div>\n\t\t\t\t<\/div>\n\t\t\t\t\t<\/div>\n\t\t\t\t<\/div>\n\t\t\t\t<\/div>","protected":false},"excerpt":{"rendered":"<p>Politique de Confidentialit\u00e9\u00a0 Introduction Bienvenue sur notre site https:\/\/groupe-bader.ch. Dans le souci de respecter et de prot\u00e9ger la vie priv\u00e9e de nos utilisateurs, nous avons \u00e9labor\u00e9 cette politique de confidentialit\u00e9 en conformit\u00e9 avec la loi f\u00e9d\u00e9rale suisse sur la protection des donn\u00e9es (nLPD). Cette politique explicite notre engagement \u00e0 traiter vos donn\u00e9es personnelles de mani\u00e8re [&hellip;]<\/p>\n","protected":false},"author":4,"featured_media":0,"parent":0,"menu_order":0,"comment_status":"closed","ping_status":"closed","template":"","meta":{"_acf_changed":false,"site-sidebar-layout":"default","site-content-layout":"","ast-site-content-layout":"default","site-content-style":"default","site-sidebar-style":"default","ast-global-header-display":"","ast-banner-title-visibility":"","ast-main-header-display":"","ast-hfb-above-header-display":"","ast-hfb-below-header-display":"","ast-hfb-mobile-header-display":"","site-post-title":"disabled","ast-breadcrumbs-content":"","ast-featured-img":"","footer-sml-layout":"","ast-disable-related-posts":"","theme-transparent-header-meta":"enabled","adv-header-id-meta":"","stick-header-meta":"","header-above-stick-meta":"","header-main-stick-meta":"","header-below-stick-meta":"","astra-migrate-meta-layouts":"set","ast-page-background-enabled":"default","ast-page-background-meta":{"desktop":{"background-color":"var(--ast-global-color-4)","background-image":"","background-repeat":"repeat","background-position":"center center","background-size":"auto","background-attachment":"scroll","background-type":"","background-media":"","overlay-type":"","overlay-color":"","overlay-opacity":"","overlay-gradient":""},"tablet":{"background-color":"","background-image":"","background-repeat":"repeat","background-position":"center center","background-size":"auto","background-attachment":"scroll","background-type":"","background-media":"","overlay-type":"","overlay-color":"","overlay-opacity":"","overlay-gradient":""},"mobile":{"background-color":"","background-image":"","background-repeat":"repeat","background-position":"center center","background-size":"auto","background-attachment":"scroll","background-type":"","background-media":"","overlay-type":"","overlay-color":"","overlay-opacity":"","overlay-gradient":""}},"ast-content-background-meta":{"desktop":{"background-color":"var(--ast-global-color-5)","background-image":"","background-repeat":"repeat","background-position":"center center","background-size":"auto","background-attachment":"scroll","background-type":"","background-media":"","overlay-type":"","overlay-color":"","overlay-opacity":"","overlay-gradient":""},"tablet":{"background-color":"var(--ast-global-color-5)","background-image":"","background-repeat":"repeat","background-position":"center center","background-size":"auto","background-attachment":"scroll","background-type":"","background-media":"","overlay-type":"","overlay-color":"","overlay-opacity":"","overlay-gradient":""},"mobile":{"background-color":"var(--ast-global-color-5)","background-image":"","background-repeat":"repeat","background-position":"center center","background-size":"auto","background-attachment":"scroll","background-type":"","background-media":"","overlay-type":"","overlay-color":"","overlay-opacity":"","overlay-gradient":""}},"footnotes":""},"class_list":["post-346","page","type-page","status-publish","hentry"],"acf":[],"yoast_head":"<!-- This site is optimized with the Yoast SEO plugin v27.5 - https:\/\/yoast.com\/product\/yoast-seo-wordpress\/ -->\n<title>Politique de confidentialit\u00e9 - Groupe Bader SA<\/title>\n<meta name=\"robots\" content=\"index, follow, max-snippet:-1, max-image-preview:large, max-video-preview:-1\" \/>\n<link rel=\"canonical\" href=\"https:\/\/groupe-bader.ch\/it\/politique-de-confidentialite\/\" \/>\n<meta property=\"og:locale\" content=\"it_IT\" \/>\n<meta property=\"og:type\" content=\"article\" \/>\n<meta property=\"og:title\" content=\"Politique de confidentialit\u00e9 - Groupe Bader SA\" \/>\n<meta property=\"og:description\" content=\"Politique de Confidentialit\u00e9\u00a0 Introduction Bienvenue sur notre site https:\/\/groupe-bader.ch. Dans le souci de respecter et de prot\u00e9ger la vie priv\u00e9e de nos utilisateurs, nous avons \u00e9labor\u00e9 cette politique de confidentialit\u00e9 en conformit\u00e9 avec la loi f\u00e9d\u00e9rale suisse sur la protection des donn\u00e9es (nLPD). Cette politique explicite notre engagement \u00e0 traiter vos donn\u00e9es personnelles de mani\u00e8re [&hellip;]\" \/>\n<meta property=\"og:url\" content=\"https:\/\/groupe-bader.ch\/it\/politique-de-confidentialite\/\" \/>\n<meta property=\"og:site_name\" content=\"Groupe Bader SA\" \/>\n<meta property=\"article:modified_time\" content=\"2024-02-15T12:45:10+00:00\" \/>\n<meta name=\"twitter:card\" content=\"summary_large_image\" \/>\n<meta name=\"twitter:label1\" content=\"Tempo di lettura stimato\" \/>\n\t<meta name=\"twitter:data1\" content=\"3 minuti\" \/>\n<script type=\"application\/ld+json\" class=\"yoast-schema-graph\">{\"@context\":\"https:\\\/\\\/schema.org\",\"@graph\":[{\"@type\":\"WebPage\",\"@id\":\"https:\\\/\\\/groupe-bader.ch\\\/politique-de-confidentialite\\\/\",\"url\":\"https:\\\/\\\/groupe-bader.ch\\\/politique-de-confidentialite\\\/\",\"name\":\"Politique de confidentialit\u00e9 - Groupe Bader SA\",\"isPartOf\":{\"@id\":\"https:\\\/\\\/groupe-bader.ch\\\/#website\"},\"datePublished\":\"2024-01-17T17:32:42+00:00\",\"dateModified\":\"2024-02-15T12:45:10+00:00\",\"breadcrumb\":{\"@id\":\"https:\\\/\\\/groupe-bader.ch\\\/politique-de-confidentialite\\\/#breadcrumb\"},\"inLanguage\":\"it-IT\",\"potentialAction\":[{\"@type\":\"ReadAction\",\"target\":[\"https:\\\/\\\/groupe-bader.ch\\\/politique-de-confidentialite\\\/\"]}]},{\"@type\":\"BreadcrumbList\",\"@id\":\"https:\\\/\\\/groupe-bader.ch\\\/politique-de-confidentialite\\\/#breadcrumb\",\"itemListElement\":[{\"@type\":\"ListItem\",\"position\":1,\"name\":\"Accueil\",\"item\":\"https:\\\/\\\/groupe-bader.ch\\\/\"},{\"@type\":\"ListItem\",\"position\":2,\"name\":\"Politique de confidentialit\u00e9\"}]},{\"@type\":\"WebSite\",\"@id\":\"https:\\\/\\\/groupe-bader.ch\\\/#website\",\"url\":\"https:\\\/\\\/groupe-bader.ch\\\/\",\"name\":\"Groupe Bader SA\",\"description\":\"\",\"publisher\":{\"@id\":\"https:\\\/\\\/groupe-bader.ch\\\/#organization\"},\"potentialAction\":[{\"@type\":\"SearchAction\",\"target\":{\"@type\":\"EntryPoint\",\"urlTemplate\":\"https:\\\/\\\/groupe-bader.ch\\\/?s={search_term_string}\"},\"query-input\":{\"@type\":\"PropertyValueSpecification\",\"valueRequired\":true,\"valueName\":\"search_term_string\"}}],\"inLanguage\":\"it-IT\"},{\"@type\":\"Organization\",\"@id\":\"https:\\\/\\\/groupe-bader.ch\\\/#organization\",\"name\":\"Groupe Bader SA\",\"url\":\"https:\\\/\\\/groupe-bader.ch\\\/\",\"logo\":{\"@type\":\"ImageObject\",\"inLanguage\":\"it-IT\",\"@id\":\"https:\\\/\\\/groupe-bader.ch\\\/#\\\/schema\\\/logo\\\/image\\\/\",\"url\":\"https:\\\/\\\/groupe-bader.ch\\\/wp-content\\\/uploads\\\/2024\\\/02\\\/logo_blanc.svg\",\"contentUrl\":\"https:\\\/\\\/groupe-bader.ch\\\/wp-content\\\/uploads\\\/2024\\\/02\\\/logo_blanc.svg\",\"caption\":\"Groupe Bader SA\"},\"image\":{\"@id\":\"https:\\\/\\\/groupe-bader.ch\\\/#\\\/schema\\\/logo\\\/image\\\/\"}}]}<\/script>\n<!-- \/ Yoast SEO plugin. -->","yoast_head_json":{"title":"Politique de confidentialit\u00e9 - Groupe Bader SA","robots":{"index":"index","follow":"follow","max-snippet":"max-snippet:-1","max-image-preview":"max-image-preview:large","max-video-preview":"max-video-preview:-1"},"canonical":"https:\/\/groupe-bader.ch\/it\/politique-de-confidentialite\/","og_locale":"it_IT","og_type":"article","og_title":"Politique de confidentialit\u00e9 - Groupe Bader SA","og_description":"Politique de Confidentialit\u00e9\u00a0 Introduction Bienvenue sur notre site https:\/\/groupe-bader.ch. Dans le souci de respecter et de prot\u00e9ger la vie priv\u00e9e de nos utilisateurs, nous avons \u00e9labor\u00e9 cette politique de confidentialit\u00e9 en conformit\u00e9 avec la loi f\u00e9d\u00e9rale suisse sur la protection des donn\u00e9es (nLPD). Cette politique explicite notre engagement \u00e0 traiter vos donn\u00e9es personnelles de mani\u00e8re [&hellip;]","og_url":"https:\/\/groupe-bader.ch\/it\/politique-de-confidentialite\/","og_site_name":"Groupe Bader SA","article_modified_time":"2024-02-15T12:45:10+00:00","twitter_card":"summary_large_image","twitter_misc":{"Tempo di lettura stimato":"3 minuti"},"schema":{"@context":"https:\/\/schema.org","@graph":[{"@type":"WebPage","@id":"https:\/\/groupe-bader.ch\/politique-de-confidentialite\/","url":"https:\/\/groupe-bader.ch\/politique-de-confidentialite\/","name":"Politique de confidentialit\u00e9 - Groupe Bader SA","isPartOf":{"@id":"https:\/\/groupe-bader.ch\/#website"},"datePublished":"2024-01-17T17:32:42+00:00","dateModified":"2024-02-15T12:45:10+00:00","breadcrumb":{"@id":"https:\/\/groupe-bader.ch\/politique-de-confidentialite\/#breadcrumb"},"inLanguage":"it-IT","potentialAction":[{"@type":"ReadAction","target":["https:\/\/groupe-bader.ch\/politique-de-confidentialite\/"]}]},{"@type":"BreadcrumbList","@id":"https:\/\/groupe-bader.ch\/politique-de-confidentialite\/#breadcrumb","itemListElement":[{"@type":"ListItem","position":1,"name":"Accueil","item":"https:\/\/groupe-bader.ch\/"},{"@type":"ListItem","position":2,"name":"Politique de confidentialit\u00e9"}]},{"@type":"WebSite","@id":"https:\/\/groupe-bader.ch\/#website","url":"https:\/\/groupe-bader.ch\/","name":"Gruppo Bader SA","description":"","publisher":{"@id":"https:\/\/groupe-bader.ch\/#organization"},"potentialAction":[{"@type":"SearchAction","target":{"@type":"EntryPoint","urlTemplate":"https:\/\/groupe-bader.ch\/?s={search_term_string}"},"query-input":{"@type":"PropertyValueSpecification","valueRequired":true,"valueName":"search_term_string"}}],"inLanguage":"it-IT"},{"@type":"Organization","@id":"https:\/\/groupe-bader.ch\/#organization","name":"Gruppo Bader SA","url":"https:\/\/groupe-bader.ch\/","logo":{"@type":"ImageObject","inLanguage":"it-IT","@id":"https:\/\/groupe-bader.ch\/#\/schema\/logo\/image\/","url":"https:\/\/groupe-bader.ch\/wp-content\/uploads\/2024\/02\/logo_blanc.svg","contentUrl":"https:\/\/groupe-bader.ch\/wp-content\/uploads\/2024\/02\/logo_blanc.svg","caption":"Groupe Bader SA"},"image":{"@id":"https:\/\/groupe-bader.ch\/#\/schema\/logo\/image\/"}}]}},"_links":{"self":[{"href":"https:\/\/groupe-bader.ch\/it\/wp-json\/wp\/v2\/pages\/346","targetHints":{"allow":["GET"]}}],"collection":[{"href":"https:\/\/groupe-bader.ch\/it\/wp-json\/wp\/v2\/pages"}],"about":[{"href":"https:\/\/groupe-bader.ch\/it\/wp-json\/wp\/v2\/types\/page"}],"author":[{"embeddable":true,"href":"https:\/\/groupe-bader.ch\/it\/wp-json\/wp\/v2\/users\/4"}],"replies":[{"embeddable":true,"href":"https:\/\/groupe-bader.ch\/it\/wp-json\/wp\/v2\/comments?post=346"}],"version-history":[{"count":49,"href":"https:\/\/groupe-bader.ch\/it\/wp-json\/wp\/v2\/pages\/346\/revisions"}],"predecessor-version":[{"id":3003,"href":"https:\/\/groupe-bader.ch\/it\/wp-json\/wp\/v2\/pages\/346\/revisions\/3003"}],"wp:attachment":[{"href":"https:\/\/groupe-bader.ch\/it\/wp-json\/wp\/v2\/media?parent=346"}],"curies":[{"name":"wp","href":"https:\/\/api.w.org\/{rel}","templated":true}]}}